{"id":1845,"date":"2022-03-28T15:00:33","date_gmt":"2022-03-28T13:00:33","guid":{"rendered":"https:\/\/www.aait.eu\/jobs\/"},"modified":"2022-03-28T15:00:33","modified_gmt":"2022-03-28T13:00:33","slug":"jobs","status":"publish","type":"page","link":"https:\/\/www.aait.eu\/en\/jobs\/","title":{"rendered":"Jobs"},"content":{"rendered":"\t\t<div data-elementor-type=\"wp-page\" data-elementor-id=\"1845\" class=\"elementor elementor-1845 elementor-212\">\n\t\t\t\t\t\t\t\t\t<section class=\"elementor-section elementor-top-section elementor-element elementor-element-1e78f60 elementor-section-stretched elementor-section-height-min-height elementor-section-boxed elementor-section-height-default elementor-section-items-middle\" data-id=\"1e78f60\" data-element_type=\"section\" data-settings=\"{&quot;stretch_section&quot;:&quot;section-stretched&quot;,&quot;background_background&quot;:&quot;classic&quot;,&quot;shape_divider_bottom&quot;:&quot;arrow&quot;,&quot;shape_divider_bottom_negative&quot;:&quot;yes&quot;}\">\n\t\t\t\t\t<div class=\"elementor-shape elementor-shape-bottom\" data-negative=\"true\">\n\t\t\t<svg xmlns=\"http:\/\/www.w3.org\/2000\/svg\" viewBox=\"0 0 700 10\" preserveAspectRatio=\"none\">\n\t<path class=\"elementor-shape-fill\" d=\"M360 0L350 9.9 340 0 0 0 0 10 700 10 700 0\"\/>\n<\/svg>\t\t<\/div>\n\t\t\t\t\t<div class=\"elementor-container elementor-column-gap-default\">\n\t\t\t\t\t<div class=\"elementor-column elementor-col-100 elementor-top-column elementor-element elementor-element-561ddca\" data-id=\"561ddca\" data-element_type=\"column\">\n\t\t\t<div class=\"elementor-widget-wrap elementor-element-populated\">\n\t\t\t\t\t\t\t\t<div class=\"elementor-element elementor-element-7701094 elementor-widget elementor-widget-heading\" data-id=\"7701094\" data-element_type=\"widget\" data-widget_type=\"heading.default\">\n\t\t\t\t<div class=\"elementor-widget-container\">\n\t\t\t<h1 class=\"elementor-heading-title elementor-size-default\">Arbeiten bei AAIT<\/h1>\t\t<\/div>\n\t\t\t\t<\/div>\n\t\t\t\t\t<\/div>\n\t\t<\/div>\n\t\t\t\t\t\t\t<\/div>\n\t\t<\/section>\n\t\t\t\t<section class=\"elementor-section elementor-top-section elementor-element elementor-element-bbad884 elementor-section-boxed elementor-section-height-default elementor-section-height-default elementor-invisible\" data-id=\"bbad884\" data-element_type=\"section\" data-settings=\"{&quot;animation&quot;:&quot;fadeInUp&quot;}\">\n\t\t\t\t\t\t<div class=\"elementor-container elementor-column-gap-default\">\n\t\t\t\t\t<div class=\"elementor-column elementor-col-100 elementor-top-column elementor-element elementor-element-3a1f418\" data-id=\"3a1f418\" data-element_type=\"column\">\n\t\t\t<div class=\"elementor-widget-wrap elementor-element-populated\">\n\t\t\t\t\t\t\t\t<div class=\"elementor-element elementor-element-222d888 elementor-widget elementor-widget-text-editor\" data-id=\"222d888\" data-element_type=\"widget\" data-widget_type=\"text-editor.default\">\n\t\t\t\t<div class=\"elementor-widget-container\">\n\t\t\t\t\t\t\t<h3>Ob Berufseinsteiger, ambitionierte Nachwuchskr\u00e4fte oder erfahrene Spezialisten:<br \/>AAIT bietet allen Mitarbeitern reichlich Entfaltungsm\u00f6glichkeiten und gl\u00e4nzende Perspektiven.<\/h3>\t\t\t\t\t\t<\/div>\n\t\t\t\t<\/div>\n\t\t\t\t<div class=\"elementor-element elementor-element-bd603a2 elementor-widget elementor-widget-text-editor\" data-id=\"bd603a2\" data-element_type=\"widget\" data-widget_type=\"text-editor.default\">\n\t\t\t\t<div class=\"elementor-widget-container\">\n\t\t\t\t\t\t\t<h2>Stellenangebote<\/h2>\t\t\t\t\t\t<\/div>\n\t\t\t\t<\/div>\n\t\t\t\t<div class=\"elementor-element elementor-element-6e87520 elementor-widget elementor-widget-text-editor\" data-id=\"6e87520\" data-element_type=\"widget\" data-widget_type=\"text-editor.default\">\n\t\t\t\t<div class=\"elementor-widget-container\">\n\t\t\t\t\t\t\t<p class=\"p1\" style=\"text-align: left;\">Wir sind spezialisiert auf die Modernisierung und Weiterentwicklung von elektrischen und elektronischen Einrichtungen im Bereich der Schienenfahrzeuge. Im Rahmen der mittel- und langfristigen Expansionsstrategie und durch den starken Kundenzuspruch suchen wir:<\/p>\t\t\t\t\t\t<\/div>\n\t\t\t\t<\/div>\n\t\t\t\t<div class=\"elementor-element elementor-element-51b4c7f elementor-widget elementor-widget-toggle\" data-id=\"51b4c7f\" data-element_type=\"widget\" data-widget_type=\"toggle.default\">\n\t\t\t\t<div class=\"elementor-widget-container\">\n\t\t\t\t\t<div class=\"elementor-toggle\" role=\"tablist\">\n\t\t\t\t\t\t\t<div class=\"elementor-toggle-item\">\n\t\t\t\t\t<div id=\"elementor-tab-title-8561\" class=\"elementor-tab-title\" data-tab=\"1\" role=\"tab\" aria-controls=\"elementor-tab-content-8561\" aria-expanded=\"false\">\n\t\t\t\t\t\t\t\t\t\t\t\t<span class=\"elementor-toggle-icon elementor-toggle-icon-left\" aria-hidden=\"true\">\n\t\t\t\t\t\t\t\t\t\t\t\t\t\t\t<span class=\"elementor-toggle-icon-closed\"><i class=\"fas fa-caret-right\"><\/i><\/span>\n\t\t\t\t\t\t\t\t<span class=\"elementor-toggle-icon-opened\"><i class=\"elementor-toggle-icon-opened fas fa-caret-up\"><\/i><\/span>\n\t\t\t\t\t\t\t\t\t\t\t\t\t<\/span>\n\t\t\t\t\t\t\t\t\t\t\t\t<a href=\"\" class=\"elementor-toggle-title\">Programmierer Maschinensteuerungen (m\/w\/d) | Stellenanzeige #2132<\/a>\n\t\t\t\t\t<\/div>\n\n\t\t\t\t\t<div id=\"elementor-tab-content-8561\" class=\"elementor-tab-content elementor-clearfix\" data-tab=\"1\" role=\"tabpanel\" aria-labelledby=\"elementor-tab-title-8561\"><h4>Aufgabengebiet:<\/h4>\n<ul>\n<li>Programmierung von Speicherprogrammierbaren Steuerungen (SPS).<\/li>\n<li>Begleitung von Projekten von der Konzepterstellung bis zur Inbetriebnahme beim Kunden.<\/li>\n<li>Erstellen der Projektdokumentation (Anforderungsspezifikationen, Architekturspezifikationen, Testspezifikationen).<\/li>\n<li>Unterst\u00fctzung bei der Inbetriebnahmen von Anlagen vor Ort beim Kunden.<\/li>\n<li>Unterst\u00fctzung bei der Erstellung von Stromlaufpl\u00e4nen und Betriebsmittelverzeichnissen.<\/li>\n<\/ul>\n<h4>Kompetenzen:<\/h4>\n<ul>\n<li>Staatl. gepr. Techniker, Fachinformatiker oder vergleichbar, gerne aber auch Quereinsteiger mit entsprechender Vorkenntnis.<\/li>\n<li>Sehr gute Kenntnisse der Automatisierungs- und Steuerungstechnik mit IEC 61131 Programmierumfeld.<\/li>\n<li>Kenntnisse in der Feldbustechnik, CAN, ETH.<\/li>\n<li>Gute Kenntnisse und Erfahrung im Umgang mit Stromlaufpl\u00e4nen.<\/li>\n<li>Gute Kenntnisse im Umgang mit Messtechnik und Messmitteln.<\/li>\n<li>Professioneller Umgang mit Office Anwendungen.<\/li>\n<li>Gute Deutsch- und Englischkenntnisse in Wort und Schrift.<\/li>\n<li>Teamplayer, aber auch selbstst\u00e4ndige Arbeitsweise.<\/li>\n<li>F\u00fchrerschein Klasse B.<\/li>\n<li>Reisebereitschaft.<\/li>\n<\/ul>\n<p>Wir sind ein mittelst\u00e4ndisches Unternehmen: Ein angenehmes Betriebsklima, eine flache Hierarchie mit kurzen Wegen, ein moderner Arbeitsplatz sowie ein junges und kreatives Team erwartet Sie. Teamwork und hohe Eigenverantwortlichkeit des Einzelnen beschreiben unsere Arbeitsweise. Sie werden \u00fcber ein Patenmodell die ersten Monate intensiv betreut und eingearbeitet.<\/p><\/div>\n\t\t\t\t<\/div>\n\t\t\t\t\t\t\t<div class=\"elementor-toggle-item\">\n\t\t\t\t\t<div id=\"elementor-tab-title-8562\" class=\"elementor-tab-title\" data-tab=\"2\" role=\"tab\" aria-controls=\"elementor-tab-content-8562\" aria-expanded=\"false\">\n\t\t\t\t\t\t\t\t\t\t\t\t<span class=\"elementor-toggle-icon elementor-toggle-icon-left\" aria-hidden=\"true\">\n\t\t\t\t\t\t\t\t\t\t\t\t\t\t\t<span class=\"elementor-toggle-icon-closed\"><i class=\"fas fa-caret-right\"><\/i><\/span>\n\t\t\t\t\t\t\t\t<span class=\"elementor-toggle-icon-opened\"><i class=\"elementor-toggle-icon-opened fas fa-caret-up\"><\/i><\/span>\n\t\t\t\t\t\t\t\t\t\t\t\t\t<\/span>\n\t\t\t\t\t\t\t\t\t\t\t\t<a href=\"\" class=\"elementor-toggle-title\">Projektleiter (m\/w\/d) im Bereich Modernisierung von Schienenfahrzeugen | Stellenanzeige #2131<\/a>\n\t\t\t\t\t<\/div>\n\n\t\t\t\t\t<div id=\"elementor-tab-content-8562\" class=\"elementor-tab-content elementor-clearfix\" data-tab=\"2\" role=\"tabpanel\" aria-labelledby=\"elementor-tab-title-8562\"><h4>Ihr Aufgabengebiet<\/h4>\n<ul>\n<li>Sie bearbeiten unterschiedliche Projekte im Bereich Modernisierung von Schienenfahrzeugen und stehen in unmittelbarem Kundenkontakt.<\/li>\n<li>Sie erstellen technische Spezifikationen im Bereich der Elektrotechnik, Steuerungstechnik und Software nach branchen\u00fcblichen Regelwerken.<\/li>\n<li>Sie bewerten Entwicklungsdokumentationen im Bereich der Elektrotechnik und Steuerungstechnik (Anforderungsspezifikationen, Funktionsbeschreibungen, Systemarchitekturen) nach geltenden Normen.<\/li>\n<li>Sie pr\u00fcfen Systemkonzepte auf technischer Ebene im Hinblick auf die funktionale bzw. technische Sicherheit nach den branchen\u00fcblichen Regelwerken.<\/li>\n<li>Sie unterst\u00fctzen bei Sicherheitsbetrachtungen und Sicherheitsanalysen.<\/li>\n<li>Sie planen und organisieren Projekte mit externen Schnittstellen z.B. Pr\u00fcforganisationen und\/oder Sachverst\u00e4ndigen.<\/li>\n<\/ul>\n<h4>Ihr Profil<\/h4>\n<ul>\n<li>Sie verf\u00fcgen \u00fcber ein abgeschlossenes technisches Studium oder sind staatl. gepr. Techniker\/Meister im Bereich Elektrotechnik oder Informatik, oder sind technisch erfahrener Quereinsteiger und trauen sich einen verantwortungsvollen Posten im Bereich der Schienenfahrzeugtechnik zu.<\/li>\n<li>Idealerweise verf\u00fcgen Sie \u00fcber gute Kenntnisse im Bereich der technischen Dokumentation.<\/li>\n<li>Pers\u00f6nlich \u00fcberzeugen Sie durch Ihr hohes technisches Verst\u00e4ndnis, eine analytische und strukturierte Arbeitsweise und ihr Organisationstalent.<\/li>\n<li>Ein professioneller Umgang mit Office-Anwendungen ist Ihnen nicht fremd.<\/li>\n<li>Sie verf\u00fcgen \u00fcber gute Deutsch- und Englischkenntnisse in Wort und Schrift.<\/li>\n<li>Sie verf\u00fcgen \u00fcber einen F\u00fchrerschein Klasse B.<\/li>\n<li>Sie sind bereit f\u00fcr die Erf\u00fcllung ihrer Aufgaben Dienstreisen im ben\u00f6tigten Umfang anzutreten.<\/li>\n<\/ul>\n<p>Wir sind ein mittelst\u00e4ndisches Unternehmen: Ein angenehmes Betriebsklima, eine flache Hierarchie mit kurzen Wegen, ein moderner Arbeitsplatz sowie ein junges und kreatives Team erwartet Sie. Teamwork und hohe Eigenverantwortlichkeit des Einzelnen beschreiben unsere Arbeitsweise. Sie werden \u00fcber ein Patenmodell die ersten Monate intensiv betreut und eingearbeitet.<\/p><\/div>\n\t\t\t\t<\/div>\n\t\t\t\t\t\t\t\t<\/div>\n\t\t\t\t<\/div>\n\t\t\t\t<\/div>\n\t\t\t\t<div class=\"elementor-element elementor-element-d221788 elementor-widget elementor-widget-text-editor\" data-id=\"d221788\" data-element_type=\"widget\" data-widget_type=\"text-editor.default\">\n\t\t\t\t<div class=\"elementor-widget-container\">\n\t\t\t\t\t\t\t<h4>F\u00fchlen Sie sich angesprochen?<\/h4><p>Bei Fragen rufen Sie uns einfach an: <a href=\"fon:+4991189190270\">+49 911 89190270<\/a>.<br \/>Ihre Bewerbung senden Sie bitte unter Angabe des Jobcode per E-Mail an <a href=\"mailto:karriere@aait.eu\">karriere@aait.eu<\/a>.<\/p>\t\t\t\t\t\t<\/div>\n\t\t\t\t<\/div>\n\t\t\t\t\t<\/div>\n\t\t<\/div>\n\t\t\t\t\t\t\t<\/div>\n\t\t<\/section>\n\t\t\t\t<section class=\"elementor-section elementor-top-section elementor-element elementor-element-1997d7e elementor-section-boxed elementor-section-height-default elementor-section-height-default\" data-id=\"1997d7e\" data-element_type=\"section\" data-settings=\"{&quot;background_background&quot;:&quot;classic&quot;,&quot;shape_divider_top&quot;:&quot;arrow&quot;}\">\n\t\t\t\t\t<div class=\"elementor-shape elementor-shape-top\" data-negative=\"false\">\n\t\t\t<svg xmlns=\"http:\/\/www.w3.org\/2000\/svg\" viewBox=\"0 0 700 10\" preserveAspectRatio=\"none\">\n\t<path class=\"elementor-shape-fill\" d=\"M350,10L340,0h20L350,10z\"\/>\n<\/svg>\t\t<\/div>\n\t\t\t\t\t<div class=\"elementor-container elementor-column-gap-default\">\n\t\t\t\t\t<div class=\"elementor-column elementor-col-100 elementor-top-column elementor-element elementor-element-c2e0163\" data-id=\"c2e0163\" data-element_type=\"column\">\n\t\t\t<div class=\"elementor-widget-wrap elementor-element-populated\">\n\t\t\t\t\t\t\t\t<div class=\"elementor-element elementor-element-a6788e1 elementor-widget elementor-widget-text-editor\" data-id=\"a6788e1\" data-element_type=\"widget\" data-widget_type=\"text-editor.default\">\n\t\t\t\t<div class=\"elementor-widget-container\">\n\t\t\t\t\t\t\t<h3><span style=\"color: #333333; font-size: 1.25em; font-weight: bold; background-color: transparent;\">\u00a0<\/span><\/h3><h3><span style=\"color: #333333; font-size: 1.25em; font-weight: bold; background-color: transparent;\">Schnellbewerbung<\/span><\/h3><p>\u00dcbermitteln Sie uns Ihre \u201eKey Facts\u201c \u2013 wir melden uns umgehend bei Ihnen!<\/p>\t\t\t\t\t\t<\/div>\n\t\t\t\t<\/div>\n\t\t\t\t\t<\/div>\n\t\t<\/div>\n\t\t\t\t\t\t\t<\/div>\n\t\t<\/section>\n\t\t\t\t<section class=\"elementor-section elementor-top-section elementor-element elementor-element-d96b7c5 elementor-section-boxed elementor-section-height-default elementor-section-height-default elementor-invisible\" data-id=\"d96b7c5\" data-element_type=\"section\" data-settings=\"{&quot;animation&quot;:&quot;fadeInUp&quot;,&quot;background_background&quot;:&quot;classic&quot;}\">\n\t\t\t\t\t\t<div class=\"elementor-container elementor-column-gap-default\">\n\t\t\t\t\t<div class=\"elementor-column elementor-col-33 elementor-top-column elementor-element elementor-element-e847712\" data-id=\"e847712\" data-element_type=\"column\">\n\t\t\t<div class=\"elementor-widget-wrap\">\n\t\t\t\t\t\t\t\t\t<\/div>\n\t\t<\/div>\n\t\t\t\t<div class=\"elementor-column elementor-col-33 elementor-top-column elementor-element elementor-element-603db26\" data-id=\"603db26\" data-element_type=\"column\">\n\t\t\t<div class=\"elementor-widget-wrap elementor-element-populated\">\n\t\t\t\t\t\t\t\t<div class=\"elementor-element elementor-element-c9c9811 elementor-button-align-stretch elementor-widget elementor-widget-form\" data-id=\"c9c9811\" data-element_type=\"widget\" data-settings=\"{&quot;step_next_label&quot;:&quot;N\\u00e4chster&quot;,&quot;step_previous_label&quot;:&quot;Voriger&quot;,&quot;button_width&quot;:&quot;100&quot;,&quot;step_type&quot;:&quot;number_text&quot;,&quot;step_icon_shape&quot;:&quot;circle&quot;}\" data-widget_type=\"form.default\">\n\t\t\t\t<div class=\"elementor-widget-container\">\n\t\t\t\t\t<form class=\"elementor-form\" method=\"post\" name=\"Schnellbewerbung\">\n\t\t\t<input type=\"hidden\" name=\"post_id\" value=\"1845\"\/>\n\t\t\t<input type=\"hidden\" name=\"form_id\" value=\"c9c9811\"\/>\n\t\t\t<input type=\"hidden\" name=\"referer_title\" value=\"AAIT\" \/>\n\n\t\t\t\n\t\t\t<div class=\"elementor-form-fields-wrapper elementor-labels-above\">\n\t\t\t\t\t\t\t\t<div class=\"elementor-field-type-text elementor-field-group elementor-column elementor-field-group-name elementor-col-100 elementor-field-required\">\n\t\t\t\t\t<label for=\"form-field-name\" class=\"elementor-field-label\">Vorname*<\/label><input size=\"1\" type=\"text\" name=\"form_fields[name]\" id=\"form-field-name\" class=\"elementor-field elementor-size-sm  elementor-field-textual\" required=\"required\" aria-required=\"true\">\t\t\t\t<\/div>\n\t\t\t\t\t\t\t\t<div class=\"elementor-field-type-text elementor-field-group elementor-column elementor-field-group-field_0a5bb2a elementor-col-100 elementor-field-required\">\n\t\t\t\t\t<label for=\"form-field-field_0a5bb2a\" class=\"elementor-field-label\">Nachame*<\/label><input size=\"1\" type=\"text\" name=\"form_fields[field_0a5bb2a]\" id=\"form-field-field_0a5bb2a\" class=\"elementor-field elementor-size-sm  elementor-field-textual\" required=\"required\" aria-required=\"true\">\t\t\t\t<\/div>\n\t\t\t\t\t\t\t\t<div class=\"elementor-field-type-email elementor-field-group elementor-column elementor-field-group-email elementor-col-100 elementor-field-required\">\n\t\t\t\t\t<label for=\"form-field-email\" class=\"elementor-field-label\">E-Mail*<\/label><input size=\"1\" type=\"email\" name=\"form_fields[email]\" id=\"form-field-email\" class=\"elementor-field elementor-size-sm  elementor-field-textual\" required=\"required\" aria-required=\"true\">\t\t\t\t<\/div>\n\t\t\t\t\t\t\t\t<div class=\"elementor-field-type-text elementor-field-group elementor-column elementor-field-group-field_56a29c6 elementor-col-100\">\n\t\t\t\t\t<label for=\"form-field-field_56a29c6\" class=\"elementor-field-label\">Telefonnummer<\/label><input size=\"1\" type=\"text\" name=\"form_fields[field_56a29c6]\" id=\"form-field-field_56a29c6\" class=\"elementor-field elementor-size-sm  elementor-field-textual\">\t\t\t\t<\/div>\n\t\t\t\t\t\t\t\t<div class=\"elementor-field-type-text elementor-field-group elementor-column elementor-field-group-field_5895b4d elementor-col-100 elementor-field-required\">\n\t\t\t\t\t<label for=\"form-field-field_5895b4d\" class=\"elementor-field-label\">F\u00fcr welche Stelle interessieren Sie sich?*<\/label><input size=\"1\" type=\"text\" name=\"form_fields[field_5895b4d]\" id=\"form-field-field_5895b4d\" class=\"elementor-field elementor-size-sm  elementor-field-textual\" placeholder=\"Stelle, Nummer\" required=\"required\" aria-required=\"true\">\t\t\t\t<\/div>\n\t\t\t\t\t\t\t\t<div class=\"elementor-field-type-textarea elementor-field-group elementor-column elementor-field-group-message elementor-col-100 elementor-field-required\">\n\t\t\t\t\t<label for=\"form-field-message\" class=\"elementor-field-label\">Nachricht*<\/label><textarea class=\"elementor-field-textual elementor-field  elementor-size-sm\" name=\"form_fields[message]\" id=\"form-field-message\" rows=\"4\" placeholder=\"\u00dcberzeugen Sie uns mit einigen \u201eKey Facts\u201c\" required=\"required\" aria-required=\"true\"><\/textarea>\t\t\t\t<\/div>\n\t\t\t\t\t\t\t\t<div class=\"elementor-field-type-acceptance elementor-field-group elementor-column elementor-field-group-field_1130c15 elementor-col-100 elementor-field-required\">\n\t\t\t\t\t<label for=\"form-field-field_1130c15\" class=\"elementor-field-label\">Die Felder mit * sind Pflichtfelder<\/label><div class=\"elementor-field-subgroup\"><span class=\"elementor-field-option\"><input type=\"checkbox\" name=\"form_fields[field_1130c15]\" id=\"form-field-field_1130c15\" class=\"elementor-field elementor-size-sm  elementor-acceptance-field\" required=\"required\" aria-required=\"true\"> <label for=\"form-field-field_1130c15\">* Datenschutzerkl\u00e4rung gelesen und akzeptiert.<\/label><\/span><\/div>\t\t\t\t<\/div>\n\t\t\t\t\t\t\t\t<div class=\"elementor-field-group elementor-column elementor-field-type-submit elementor-col-100 e-form__buttons\">\n\t\t\t\t\t<button type=\"submit\" class=\"elementor-button elementor-size-md\" id=\"schnellbewerbungsformular\">\n\t\t\t\t\t\t<span >\n\t\t\t\t\t\t\t\t\t\t\t\t\t\t\t<span class=\" elementor-button-icon\">\n\t\t\t\t\t\t\t\t\t\t\t\t\t\t\t\t\t\t\t\t\t\t\t\t\t\t<\/span>\n\t\t\t\t\t\t\t\t\t\t\t\t\t\t\t\t\t\t\t\t\t\t<span class=\"elementor-button-text\">Senden<\/span>\n\t\t\t\t\t\t\t\t\t\t\t\t\t<\/span>\n\t\t\t\t\t<\/button>\n\t\t\t\t<\/div>\n\t\t\t<\/div>\n\t\t<\/form>\n\t\t\t\t<\/div>\n\t\t\t\t<\/div>\n\t\t\t\t\t<\/div>\n\t\t<\/div>\n\t\t\t\t<div class=\"elementor-column elementor-col-33 elementor-top-column elementor-element elementor-element-e2cadaf\" data-id=\"e2cadaf\" data-element_type=\"column\">\n\t\t\t<div class=\"elementor-widget-wrap\">\n\t\t\t\t\t\t\t\t\t<\/div>\n\t\t<\/div>\n\t\t\t\t\t\t\t<\/div>\n\t\t<\/section>\n\t\t\t\t\t\t\t<\/div>\n\t\t","protected":false},"excerpt":{"rendered":"<p>Arbeiten bei AAIT Ob Berufseinsteiger, ambitionierte Nachwuchskr\u00e4fte oder erfahrene Spezialisten: AAIT bietet allen Mitarbeitern reichlich Entfaltungsm\u00f6glichkeiten und gl\u00e4nzende Perspektiven. Wir sind spezialisiert auf die Modernisierung und Weiterentwicklung von elektrischen und elektronischen Einrichtungen im Bereich der Schienenfahrzeuge. Im Rahmen der mittel- und langfristigen Expansionsstrategie und durch den starken Kundenzuspruch suchen wir: Programmierer Maschinensteuerungen (m\/w\/d)\u00a0 im Bereich [&hellip;]<\/p>\n","protected":false},"author":3,"featured_media":0,"parent":0,"menu_order":0,"comment_status":"closed","ping_status":"closed","template":"","meta":{"footnotes":""},"class_list":["post-1845","page","type-page","status-publish","hentry","entry"],"yoast_head":"<!-- This site is optimized with the Yoast SEO plugin v15.9.2 - https:\/\/yoast.com\/wordpress\/plugins\/seo\/ -->\n<title>Jobs - AAIT<\/title>\n<link rel=\"canonical\" href=\"https:\/\/www.aait.eu\/en\/jobs\/\" \/>\n<meta property=\"og:locale\" content=\"en_US\" \/>\n<meta property=\"og:type\" content=\"article\" \/>\n<meta property=\"og:title\" content=\"Jobs - AAIT\" \/>\n<meta property=\"og:description\" content=\"Arbeiten bei AAIT Ob Berufseinsteiger, ambitionierte Nachwuchskr\u00e4fte oder erfahrene Spezialisten: AAIT bietet allen Mitarbeitern reichlich Entfaltungsm\u00f6glichkeiten und gl\u00e4nzende Perspektiven. Wir sind spezialisiert auf die Modernisierung und Weiterentwicklung von elektrischen und elektronischen Einrichtungen im Bereich der Schienenfahrzeuge. Im Rahmen der mittel- und langfristigen Expansionsstrategie und durch den starken Kundenzuspruch suchen wir: Programmierer Maschinensteuerungen (m\/w\/d)\u00a0 im Bereich [&hellip;]\" \/>\n<meta property=\"og:url\" content=\"https:\/\/www.aait.eu\/en\/jobs\/\" \/>\n<meta property=\"og:site_name\" content=\"AAIT\" \/>\n<meta name=\"twitter:card\" content=\"summary_large_image\" \/>\n<meta name=\"twitter:label1\" content=\"Est. reading time\">\n\t<meta name=\"twitter:data1\" content=\"1\u00a0Minute\">\n<script type=\"application\/ld+json\" class=\"yoast-schema-graph\">{\"@context\":\"https:\/\/schema.org\",\"@graph\":[{\"@type\":\"WebSite\",\"@id\":\"https:\/\/www.aait.eu\/en\/#website\",\"url\":\"https:\/\/www.aait.eu\/en\/\",\"name\":\"AAIT\",\"description\":\"Angewandte Anlagen- und Industrietechnik GmbH\",\"potentialAction\":[{\"@type\":\"SearchAction\",\"target\":\"https:\/\/www.aait.eu\/en\/?s={search_term_string}\",\"query-input\":\"required name=search_term_string\"}],\"inLanguage\":\"de\"},{\"@type\":\"WebPage\",\"@id\":\"https:\/\/www.aait.eu\/en\/jobs\/#webpage\",\"url\":\"https:\/\/www.aait.eu\/en\/jobs\/\",\"name\":\"Jobs - AAIT\",\"isPartOf\":{\"@id\":\"https:\/\/www.aait.eu\/en\/#website\"},\"datePublished\":\"2022-03-28T13:00:33+00:00\",\"dateModified\":\"2022-03-28T13:00:33+00:00\",\"breadcrumb\":{\"@id\":\"https:\/\/www.aait.eu\/en\/jobs\/#breadcrumb\"},\"inLanguage\":\"de\",\"potentialAction\":[{\"@type\":\"ReadAction\",\"target\":[\"https:\/\/www.aait.eu\/en\/jobs\/\"]}]},{\"@type\":\"BreadcrumbList\",\"@id\":\"https:\/\/www.aait.eu\/en\/jobs\/#breadcrumb\",\"itemListElement\":[{\"@type\":\"ListItem\",\"position\":1,\"item\":{\"@type\":\"WebPage\",\"@id\":\"https:\/\/www.aait.eu\/en\/\",\"url\":\"https:\/\/www.aait.eu\/en\/\",\"name\":\"Home\"}},{\"@type\":\"ListItem\",\"position\":2,\"item\":{\"@type\":\"WebPage\",\"@id\":\"https:\/\/www.aait.eu\/en\/jobs\/\",\"url\":\"https:\/\/www.aait.eu\/en\/jobs\/\",\"name\":\"Jobs\"}}]}]}<\/script>\n<!-- \/ Yoast SEO plugin. -->","_links":{"self":[{"href":"https:\/\/www.aait.eu\/en\/wp-json\/wp\/v2\/pages\/1845","targetHints":{"allow":["GET"]}}],"collection":[{"href":"https:\/\/www.aait.eu\/en\/wp-json\/wp\/v2\/pages"}],"about":[{"href":"https:\/\/www.aait.eu\/en\/wp-json\/wp\/v2\/types\/page"}],"author":[{"embeddable":true,"href":"https:\/\/www.aait.eu\/en\/wp-json\/wp\/v2\/users\/3"}],"replies":[{"embeddable":true,"href":"https:\/\/www.aait.eu\/en\/wp-json\/wp\/v2\/comments?post=1845"}],"version-history":[{"count":0,"href":"https:\/\/www.aait.eu\/en\/wp-json\/wp\/v2\/pages\/1845\/revisions"}],"wp:attachment":[{"href":"https:\/\/www.aait.eu\/en\/wp-json\/wp\/v2\/media?parent=1845"}],"curies":[{"name":"wp","href":"https:\/\/api.w.org\/{rel}","templated":true}]}}